{"id":1227,"date":"2024-11-29T07:34:49","date_gmt":"2024-11-29T07:34:49","guid":{"rendered":"https:\/\/s-umzug.com\/?page_id=1227"},"modified":"2025-07-17T15:14:38","modified_gmt":"2025-07-17T15:14:38","slug":"fernumzug-nach-tschechien","status":"publish","type":"page","link":"https:\/\/s-umzug.com\/en\/fernumzug-nach-tschechien\/","title":{"rendered":"Long-distance move to the Czech Republic"},"content":{"rendered":"\t\t<div data-elementor-type=\"wp-page\" data-elementor-id=\"1227\" class=\"elementor elementor-1227\" data-elementor-post-type=\"page\">\n\t\t\t\t\t\t<section class=\"elementor-section elementor-top-section elementor-element elementor-element-4ec08257 elementor-section-boxed elementor-section-height-default elementor-section-height-default elementor-invisible\" data-id=\"4ec08257\" data-element_type=\"section\" data-e-type=\"section\" data-settings=\"{&quot;background_background&quot;:&quot;classic&quot;,&quot;animation&quot;:&quot;fadeIn&quot;}\">\n\t\t\t\t\t\t\t<div class=\"elementor-background-overlay\"><\/div>\n\t\t\t\t\t\t\t<div class=\"elementor-container elementor-column-gap-default\">\n\t\t\t\t\t<div class=\"elementor-column elementor-col-100 elementor-top-column elementor-element elementor-element-24355fe5\" data-id=\"24355fe5\" data-element_type=\"column\" data-e-type=\"column\">\n\t\t\t<div class=\"elementor-widget-wrap elementor-element-populated\">\n\t\t\t\t\t\t\t<\/div>\n\t\t<\/div>\n\t\t\t\t\t<\/div>\n\t\t<\/section>\n\t\t\t\t<section class=\"elementor-section elementor-top-section elementor-element elementor-element-473cdf82 elementor-section-boxed elementor-section-height-default elementor-section-height-default elementor-invisible\" data-id=\"473cdf82\" data-element_type=\"section\" data-e-type=\"section\" data-settings=\"{&quot;animation&quot;:&quot;fadeIn&quot;}\">\n\t\t\t\t\t\t<div class=\"elementor-container elementor-column-gap-default\">\n\t\t\t\t\t<div class=\"elementor-column elementor-col-50 elementor-top-column elementor-element elementor-element-48f2acda\" data-id=\"48f2acda\" data-element_type=\"column\" data-e-type=\"column\">\n\t\t\t<div class=\"elementor-widget-wrap elementor-element-populated\">\n\t\t\t\t\t\t<div class=\"elementor-element elementor-element-783b73c7 elementor-widget__width-initial elementor-invisible elementor-widget elementor-widget-heading\" data-id=\"783b73c7\" data-element_type=\"widget\" data-e-type=\"widget\" data-settings=\"{&quot;_animation&quot;:&quot;fadeInUp&quot;}\" data-widget_type=\"heading.default\">\n\t\t\t\t<div class=\"elementor-widget-container\">\n\t\t\t\t\t<h3 class=\"elementor-heading-title elementor-size-default\">Berlin nach Tschechien<\/h3>\t\t\t\t<\/div>\n\t\t\t\t<\/div>\n\t\t\t\t<div class=\"elementor-element elementor-element-2ab81a6 elementor-widget-mobile__width-inherit elementor-widget-tablet__width-inherit elementor-invisible elementor-widget elementor-widget-text-editor\" data-id=\"2ab81a6\" data-element_type=\"widget\" data-e-type=\"widget\" data-settings=\"{&quot;_animation&quot;:&quot;fadeInUp&quot;}\" data-widget_type=\"text-editor.default\">\n\t\t\t\t<div class=\"elementor-widget-container\">\n\t\t\t\t\t\t\t\t\t<p>Tschechien \u2013 das Land mit der pr\u00e4chtigen Prager Burg aus dem 9. Jh., und vielen weiteren sch\u00f6nen Geb\u00e4ude im Stil Gotik, Renaissance und des Barock, in denen heute viele Restaurants und Geschichte steckt.\u00a0<\/p><p>W\u00e4hrend Sie sich also um die Formalit\u00e4ten k\u00fcmmern, packen wir flei\u00dfig Ihre Kartons, demontieren Ihre G\u00fcter und k\u00fcmmern uns um jedes Detail.\u00a0<\/p><p>Sie haben nun Zeit, sich erstmal um Ihre Dinge zu k\u00fcmmern. Nachdem Sie fertig sind, sind wir es auch. Schon empfangen Sie uns in Tschechien und freuen sich auf Ihr neues Leben in dem neuen Land.<\/p><p>\u00a0<\/p><p>Wir beraten Sie gerne und finden gemeinsam heraus, wie Sie sich Ihren Umzug vorstellen. Stellen Sie uns eine Anfrage \u00fcber unser Kundenformular und erhalten Sie ein unverbindliches und kosteng\u00fcnstiges Angebot von uns.\u00a0<\/p><p>Unsere Leistungen auf einen Blick:\u00a0<\/p><ol><li aria-level=\"1\">Transport von A nach B\u00a0<\/li><li aria-level=\"1\">Montagearbeiten\u00a0<\/li><li aria-level=\"1\">Ein\/- und Auspackservice\u00a0<\/li><li aria-level=\"1\">Verpackungsmaterialien\u00a0<\/li><li aria-level=\"1\">Entsorgungen<\/li><li aria-level=\"1\">Halteverbotszone einrichten\u00a0<\/li><li aria-level=\"1\">Entr\u00fcmpelungen\u00a0<\/li><li aria-level=\"1\">Transport von Schwerlast bis zu 100kg<\/li><li aria-level=\"1\">B\u00fcroumz\u00fcge<\/li><li aria-level=\"1\">Fernumz\u00fcge<\/li><li aria-level=\"1\">Privatumz\u00fcge<\/li><li aria-level=\"1\">Europaweite Umz\u00fcge<\/li><\/ol>\t\t\t\t\t\t\t\t<\/div>\n\t\t\t\t<\/div>\n\t\t\t\t\t<\/div>\n\t\t<\/div>\n\t\t\t\t<div class=\"elementor-column elementor-col-50 elementor-top-column elementor-element elementor-element-31b98f16\" data-id=\"31b98f16\" data-element_type=\"column\" data-e-type=\"column\">\n\t\t\t<div class=\"elementor-widget-wrap elementor-element-populated\">\n\t\t\t\t\t\t<div class=\"elementor-element elementor-element-3378019 elementor-widget__width-inherit elementor-invisible elementor-widget elementor-widget-heading\" data-id=\"3378019\" data-element_type=\"widget\" data-e-type=\"widget\" data-settings=\"{&quot;_animation&quot;:&quot;fadeInUp&quot;}\" data-widget_type=\"heading.default\">\n\t\t\t\t<div class=\"elementor-widget-container\">\n\t\t\t\t\t<h3 class=\"elementor-heading-title elementor-size-default\">Bitte senden Sie uns eine unverbindliche Preisanfrage.<\/h3>\t\t\t\t<\/div>\n\t\t\t\t<\/div>\n\t\t\t\t<div class=\"elementor-element elementor-element-60e31a4 elementor-button-align-stretch elementor-widget elementor-widget-form\" data-id=\"60e31a4\" data-element_type=\"widget\" data-e-type=\"widget\" data-settings=\"{&quot;step_next_label&quot;:&quot;Next&quot;,&quot;step_previous_label&quot;:&quot;Previous&quot;,&quot;button_width&quot;:&quot;100&quot;,&quot;step_type&quot;:&quot;number_text&quot;,&quot;step_icon_shape&quot;:&quot;circle&quot;}\" data-widget_type=\"form.default\">\n\t\t\t\t<div class=\"elementor-widget-container\">\n\t\t\t\t\t\t\t<form class=\"elementor-form\" method=\"post\" name=\"New Form\">\n\t\t\t<input type=\"hidden\" name=\"post_id\" value=\"1227\"\/>\n\t\t\t<input type=\"hidden\" name=\"form_id\" value=\"60e31a4\"\/>\n\t\t\t<input type=\"hidden\" name=\"referer_title\" value=\"\" \/>\n\n\t\t\t\n\t\t\t<div class=\"elementor-form-fields-wrapper elementor-labels-\">\n\t\t\t\t\t\t\t\t<div class=\"elementor-field-type-text elementor-field-group elementor-column elementor-field-group-name elementor-col-100\">\n\t\t\t\t\t\t\t\t\t\t\t\t<label for=\"form-field-name\" class=\"elementor-field-label elementor-screen-only\">\n\t\t\t\t\t\t\t\tName\t\t\t\t\t\t\t<\/label>\n\t\t\t\t\t\t\t\t\t\t\t\t\t\t<input size=\"1\" type=\"text\" name=\"form_fields[name]\" id=\"form-field-name\" class=\"elementor-field elementor-size-sm  elementor-field-textual\" placeholder=\"Name\">\n\t\t\t\t\t\t\t\t\t\t\t<\/div>\n\t\t\t\t\t\t\t\t<div class=\"elementor-field-type-email elementor-field-group elementor-column elementor-field-group-email elementor-col-100 elementor-field-required\">\n\t\t\t\t\t\t\t\t\t\t\t\t<label for=\"form-field-email\" class=\"elementor-field-label elementor-screen-only\">\n\t\t\t\t\t\t\t\tEmail\t\t\t\t\t\t\t<\/label>\n\t\t\t\t\t\t\t\t\t\t\t\t\t\t<input size=\"1\" type=\"email\" name=\"form_fields[email]\" id=\"form-field-email\" class=\"elementor-field elementor-size-sm  elementor-field-textual\" placeholder=\"Email\" required=\"required\" aria-required=\"true\">\n\t\t\t\t\t\t\t\t\t\t\t<\/div>\n\t\t\t\t\t\t\t\t<div class=\"elementor-field-type-tel elementor-field-group elementor-column elementor-field-group-field_ea73141 elementor-col-100 elementor-field-required\">\n\t\t\t\t\t\t\t\t\t\t\t\t<label for=\"form-field-field_ea73141\" class=\"elementor-field-label elementor-screen-only\">\n\t\t\t\t\t\t\t\tTelefonnummer\t\t\t\t\t\t\t<\/label>\n\t\t\t\t\t\t\t\t<input size=\"1\" type=\"tel\" name=\"form_fields[field_ea73141]\" id=\"form-field-field_ea73141\" class=\"elementor-field elementor-size-sm  elementor-field-textual\" placeholder=\"Telefonnummer\" required=\"required\" aria-required=\"true\" pattern=\"[0-9()#&amp;+*-=.]+\" title=\"Only numbers and phone characters (#, -, *, etc) are accepted.\">\n\n\t\t\t\t\t\t<\/div>\n\t\t\t\t\t\t\t\t<div class=\"elementor-field-type-text elementor-field-group elementor-column elementor-field-group-field_b6aced4 elementor-col-100 elementor-field-required\">\n\t\t\t\t\t\t\t\t\t\t\t\t<label for=\"form-field-field_b6aced4\" class=\"elementor-field-label elementor-screen-only\">\n\t\t\t\t\t\t\t\tGeplantes Datum ?\t\t\t\t\t\t\t<\/label>\n\t\t\t\t\t\t\t\t\t\t\t\t\t\t<input size=\"1\" type=\"text\" name=\"form_fields[field_b6aced4]\" id=\"form-field-field_b6aced4\" class=\"elementor-field elementor-size-sm  elementor-field-textual\" placeholder=\"Geplantes Datum ?\" required=\"required\" aria-required=\"true\">\n\t\t\t\t\t\t\t\t\t\t\t<\/div>\n\t\t\t\t\t\t\t\t<div class=\"elementor-field-type-textarea elementor-field-group elementor-column elementor-field-group-message elementor-col-100\">\n\t\t\t\t\t\t\t\t\t\t\t\t<label for=\"form-field-message\" class=\"elementor-field-label elementor-screen-only\">\n\t\t\t\t\t\t\t\tNachricht\t\t\t\t\t\t\t<\/label>\n\t\t\t\t\t\t<textarea class=\"elementor-field-textual elementor-field  elementor-size-sm\" name=\"form_fields[message]\" id=\"form-field-message\" rows=\"4\" placeholder=\"Nachricht\"><\/textarea>\t\t\t\t<\/div>\n\t\t\t\t\t\t\t\t<div class=\"elementor-field-type-recaptcha elementor-field-group elementor-column elementor-field-group-field_738cdc8 elementor-col-100\">\n\t\t\t\t\t<div class=\"elementor-field\" id=\"form-field-field_738cdc8\"><\/div>\t\t\t\t<\/div>\n\t\t\t\t\t\t\t\t<div class=\"elementor-field-group elementor-column elementor-field-type-submit elementor-col-100 e-form__buttons\">\n\t\t\t\t\t<button class=\"elementor-button elementor-size-sm\" type=\"submit\">\n\t\t\t\t\t\t<span class=\"elementor-button-content-wrapper\">\n\t\t\t\t\t\t\t\t\t\t\t\t\t\t\t\t\t\t\t\t\t\t<span class=\"elementor-button-text\">senden<\/span>\n\t\t\t\t\t\t\t\t\t\t\t\t\t<\/span>\n\t\t\t\t\t<\/button>\n\t\t\t\t<\/div>\n\t\t\t<\/div>\n\t\t<\/form>\n\t\t\t\t\t\t<\/div>\n\t\t\t\t<\/div>\n\t\t\t\t\t<\/div>\n\t\t<\/div>\n\t\t\t\t\t<\/div>\n\t\t<\/section>\n\t\t\t\t<\/div>\n\t\t","protected":false},"excerpt":{"rendered":"<p>Berlin nach Tschechien Tschechien \u2013 das Land mit der pr\u00e4chtigen Prager Burg aus dem 9. Jh., und vielen weiteren sch\u00f6nen Geb\u00e4ude im Stil Gotik, Renaissance und des Barock, in denen heute viele Restaurants und Geschichte steckt.\u00a0 W\u00e4hrend Sie sich also um die Formalit\u00e4ten k\u00fcmmern, packen wir flei\u00dfig Ihre Kartons, demontieren Ihre G\u00fcter und k\u00fcmmern uns [&hellip;]<\/p>\n","protected":false},"author":1,"featured_media":0,"parent":0,"menu_order":0,"comment_status":"closed","ping_status":"closed","template":"elementor_header_footer","meta":{"footnotes":""},"class_list":["post-1227","page","type-page","status-publish","hentry"],"_links":{"self":[{"href":"https:\/\/s-umzug.com\/en\/wp-json\/wp\/v2\/pages\/1227","targetHints":{"allow":["GET"]}}],"collection":[{"href":"https:\/\/s-umzug.com\/en\/wp-json\/wp\/v2\/pages"}],"about":[{"href":"https:\/\/s-umzug.com\/en\/wp-json\/wp\/v2\/types\/page"}],"author":[{"embeddable":true,"href":"https:\/\/s-umzug.com\/en\/wp-json\/wp\/v2\/users\/1"}],"replies":[{"embeddable":true,"href":"https:\/\/s-umzug.com\/en\/wp-json\/wp\/v2\/comments?post=1227"}],"version-history":[{"count":13,"href":"https:\/\/s-umzug.com\/en\/wp-json\/wp\/v2\/pages\/1227\/revisions"}],"predecessor-version":[{"id":1512,"href":"https:\/\/s-umzug.com\/en\/wp-json\/wp\/v2\/pages\/1227\/revisions\/1512"}],"wp:attachment":[{"href":"https:\/\/s-umzug.com\/en\/wp-json\/wp\/v2\/media?parent=1227"}],"curies":[{"name":"wp","href":"https:\/\/api.w.org\/{rel}","templated":true}]}}