{"id":1392,"date":"2024-12-14T13:09:35","date_gmt":"2024-12-14T13:09:35","guid":{"rendered":"https:\/\/s-umzug.com\/?page_id=1392"},"modified":"2025-12-18T13:12:24","modified_gmt":"2025-12-18T13:12:24","slug":"danke-seite","status":"publish","type":"page","link":"https:\/\/s-umzug.com\/en\/danke-seite\/","title":{"rendered":"Danke Seite"},"content":{"rendered":"<div data-elementor-type=\"wp-page\" data-elementor-id=\"1392\" class=\"elementor elementor-1392\" data-elementor-post-type=\"page\">\n\t\t\t\t\t\t<section class=\"elementor-section elementor-top-section elementor-element elementor-element-7b595d89 elementor-section-boxed elementor-section-height-default elementor-section-height-default elementor-invisible\" data-id=\"7b595d89\" data-element_type=\"section\" data-e-type=\"section\" data-settings=\"{&quot;background_background&quot;:&quot;classic&quot;,&quot;animation&quot;:&quot;fadeIn&quot;}\">\n\t\t\t\t\t\t\t<div class=\"elementor-background-overlay\"><\/div>\n\t\t\t\t\t\t\t<div class=\"elementor-container elementor-column-gap-default\">\n\t\t\t\t\t<div class=\"elementor-column elementor-col-100 elementor-top-column elementor-element elementor-element-fb0103b\" data-id=\"fb0103b\" data-element_type=\"column\" data-e-type=\"column\">\n\t\t\t<div class=\"elementor-widget-wrap elementor-element-populated\">\n\t\t\t\t\t\t<div class=\"elementor-element elementor-element-428ee8bb elementor-invisible elementor-widget elementor-widget-heading\" data-id=\"428ee8bb\" data-element_type=\"widget\" data-e-type=\"widget\" data-settings=\"{&quot;_animation&quot;:&quot;fadeInUp&quot;}\" data-widget_type=\"heading.default\">\n\t\t\t\t<div class=\"elementor-widget-container\">\n\t\t\t\t\t<h1 class=\"elementor-heading-title elementor-size-default\">Thank you for your enquiry!<\/h1>\t\t\t\t<\/div>\n\t\t\t\t<\/div>\n\t\t\t\t<div class=\"elementor-element elementor-element-43132d54 elementor-widget-mobile__width-inherit elementor-invisible elementor-widget elementor-widget-text-editor\" data-id=\"43132d54\" data-element_type=\"widget\" data-e-type=\"widget\" data-settings=\"{&quot;_animation&quot;:&quot;fadeInUp&quot;}\" data-widget_type=\"text-editor.default\">\n\t\t\t\t<div class=\"elementor-widget-container\">\n\t\t\t\t\t\t\t\t\t<p>We have received your message and will get in touch with you as soon as possible.<\/p><p>Our team will carefully review your request to provide you with the best possible service. If we need additional information from you, we will contact you directly.<\/p>\t\t\t\t\t\t\t\t<\/div>\n\t\t\t\t<\/div>\n\t\t\t\t\t<\/div>\n\t\t<\/div>\n\t\t\t\t\t<\/div>\n\t\t<\/section>\n\t\t\t\t<section class=\"elementor-section elementor-top-section elementor-element elementor-element-55d614bc elementor-section-boxed elementor-section-height-default elementor-section-height-default\" data-id=\"55d614bc\" data-element_type=\"section\" data-e-type=\"section\">\n\t\t\t\t\t\t<div class=\"elementor-container elementor-column-gap-default\">\n\t\t\t\t\t<div class=\"elementor-column elementor-col-50 elementor-top-column elementor-element elementor-element-4cfe87a4\" data-id=\"4cfe87a4\" data-element_type=\"column\" data-e-type=\"column\">\n\t\t\t<div class=\"elementor-widget-wrap elementor-element-populated\">\n\t\t\t\t\t\t<div class=\"elementor-element elementor-element-681b7f1 elementor-widget elementor-widget-image\" data-id=\"681b7f1\" data-element_type=\"widget\" data-e-type=\"widget\" data-widget_type=\"image.default\">\n\t\t\t\t<div class=\"elementor-widget-container\">\n\t\t\t\t\t\t\t\t\t\t\t\t\t\t\t<img fetchpriority=\"high\" decoding=\"async\" width=\"800\" height=\"534\" src=\"https:\/\/s-umzug.com\/wp-content\/uploads\/2025\/09\/savtrans-beste-umzugsfirma-berlin-1024x683.webp\" class=\"attachment-large size-large wp-image-2007\" alt=\"\" srcset=\"https:\/\/s-umzug.com\/wp-content\/uploads\/2025\/09\/savtrans-beste-umzugsfirma-berlin-1024x683.webp 1024w, https:\/\/s-umzug.com\/wp-content\/uploads\/2025\/09\/savtrans-beste-umzugsfirma-berlin-300x200.webp 300w, https:\/\/s-umzug.com\/wp-content\/uploads\/2025\/09\/savtrans-beste-umzugsfirma-berlin-768x512.webp 768w, https:\/\/s-umzug.com\/wp-content\/uploads\/2025\/09\/savtrans-beste-umzugsfirma-berlin.webp 1200w\" sizes=\"(max-width: 800px) 100vw, 800px\" \/>\t\t\t\t\t\t\t\t\t\t\t\t\t\t\t<\/div>\n\t\t\t\t<\/div>\n\t\t\t\t\t<\/div>\n\t\t<\/div>\n\t\t\t\t<div class=\"elementor-column elementor-col-50 elementor-top-column elementor-element elementor-element-36baf72a\" data-id=\"36baf72a\" data-element_type=\"column\" data-e-type=\"column\">\n\t\t\t<div class=\"elementor-widget-wrap elementor-element-populated\">\n\t\t\t\t\t\t<div class=\"elementor-element elementor-element-3499dac3 elementor-invisible elementor-widget elementor-widget-heading\" data-id=\"3499dac3\" data-element_type=\"widget\" data-e-type=\"widget\" data-settings=\"{&quot;_animation&quot;:&quot;fadeInRight&quot;}\" data-widget_type=\"heading.default\">\n\t\t\t\t<div class=\"elementor-widget-container\">\n\t\t\t\t\t<h2 class=\"elementor-heading-title elementor-size-default\">What happens next?<\/h2>\t\t\t\t<\/div>\n\t\t\t\t<\/div>\n\t\t\t\t<div class=\"elementor-element elementor-element-5f7d663b elementor-invisible elementor-widget elementor-widget-text-editor\" data-id=\"5f7d663b\" data-element_type=\"widget\" data-e-type=\"widget\" data-settings=\"{&quot;_animation&quot;:&quot;fadeInUp&quot;}\" data-widget_type=\"text-editor.default\">\n\t\t\t\t<div class=\"elementor-widget-container\">\n\t\t\t\t\t\t\t\t\t<ul><li><p><strong>Confirmation by e-mail<\/strong><br \/>You will shortly receive a confirmation email with all the details of your enquiry.<\/p><\/li><li><p><strong>Processing your enquiry<\/strong><br \/>A member of our team will take care of processing your enquiry as quickly as possible.<\/p><\/li><\/ul>\t\t\t\t\t\t\t\t<\/div>\n\t\t\t\t<\/div>\n\t\t\t\t\t<\/div>\n\t\t<\/div>\n\t\t\t\t\t<\/div>\n\t\t<\/section>\n\t\t\t\t<\/div>","protected":false},"excerpt":{"rendered":"<p>Vielen Dank f\u00fcr Ihre Anfrage! Wir haben Ihre Nachricht erhalten und werden uns so schnell wie m\u00f6glich mit Ihnen in Verbindung setzen. Unser Team \u00fcberpr\u00fcft Ihr Anliegen sorgf\u00e4ltig, um Ihnen den bestm\u00f6glichen Service zu bieten. Falls wir zus\u00e4tzliche Informationen von Ihnen ben\u00f6tigen, werden wir uns direkt bei Ihnen melden. Was passiert als N\u00e4chstes? Best\u00e4tigung per [&hellip;]<\/p>\n","protected":false},"author":1,"featured_media":0,"parent":0,"menu_order":0,"comment_status":"closed","ping_status":"closed","template":"elementor_header_footer","meta":{"footnotes":""},"class_list":["post-1392","page","type-page","status-publish","hentry"],"_links":{"self":[{"href":"https:\/\/s-umzug.com\/en\/wp-json\/wp\/v2\/pages\/1392","targetHints":{"allow":["GET"]}}],"collection":[{"href":"https:\/\/s-umzug.com\/en\/wp-json\/wp\/v2\/pages"}],"about":[{"href":"https:\/\/s-umzug.com\/en\/wp-json\/wp\/v2\/types\/page"}],"author":[{"embeddable":true,"href":"https:\/\/s-umzug.com\/en\/wp-json\/wp\/v2\/users\/1"}],"replies":[{"embeddable":true,"href":"https:\/\/s-umzug.com\/en\/wp-json\/wp\/v2\/comments?post=1392"}],"version-history":[{"count":24,"href":"https:\/\/s-umzug.com\/en\/wp-json\/wp\/v2\/pages\/1392\/revisions"}],"predecessor-version":[{"id":2447,"href":"https:\/\/s-umzug.com\/en\/wp-json\/wp\/v2\/pages\/1392\/revisions\/2447"}],"wp:attachment":[{"href":"https:\/\/s-umzug.com\/en\/wp-json\/wp\/v2\/media?parent=1392"}],"curies":[{"name":"wp","href":"https:\/\/api.w.org\/{rel}","templated":true}]}}