{"id":1591,"date":"2025-07-17T16:22:59","date_gmt":"2025-07-17T16:22:59","guid":{"rendered":"https:\/\/s-umzug.com\/?page_id=1591"},"modified":"2025-09-10T15:56:01","modified_gmt":"2025-09-10T15:56:01","slug":"impressum","status":"publish","type":"page","link":"https:\/\/s-umzug.com\/en\/impressum\/","title":{"rendered":"Imprint"},"content":{"rendered":"<div data-elementor-type=\"wp-page\" data-elementor-id=\"1591\" class=\"elementor elementor-1591\" data-elementor-post-type=\"page\">\n\t\t\t\t<div class=\"elementor-element elementor-element-66557ff e-flex e-con-boxed e-con e-parent\" data-id=\"66557ff\" data-element_type=\"container\" data-e-type=\"container\">\n\t\t\t\t\t<div class=\"e-con-inner\">\n\t\t\t\t<div class=\"elementor-element elementor-element-125f7ec7 elementor-widget elementor-widget-text-editor\" data-id=\"125f7ec7\" data-element_type=\"widget\" data-e-type=\"widget\" data-widget_type=\"text-editor.default\">\n\t\t\t\t<div class=\"elementor-widget-container\">\n\t\t\t\t\t\t\t\t\t\n<h2 class=\"wp-block-heading\"><strong>Imprint<\/strong><\/h2>\n\n<p><strong>Information according to \u00a7 5 TMG:<\/strong><\/p>\n\n<p><strong>SAVTRANS-EXPRESS Transport company<\/strong><br \/>Welsestrasse 10<br \/>13057 Berlin<br \/>Germany<\/p>\n\n<p><strong>Represented by:<\/strong><br \/>Mr Igor Savciuc<\/p>\n\n<p><strong>Contact:<\/strong><br \/>Phone: +49 176 210 39 219<br \/>E-Mail: <a>info@s-umzug.com<\/a><br \/>Website: <a class=\"\" href=\"https:\/\/s-umzug.com\/en\/\">https:\/\/s-umzug.com<\/a><\/p>\n\n<p><strong>Sales tax ID:<\/strong><br \/>Sales tax identification number according to \u00a727 a sales tax law<a href=\"Ust-IdNr.: DE300453534\">VAT ID no.: DE300453534<\/a><\/p>\n\n<p><strong>Responsible for the content according to \u00a7 18 Abs. 2 MStV:<\/strong><br \/>Igor Savciuc<br \/>Welsestrasse 10<br \/>13057 Berlin<\/p>\n<hr class=\"wp-block-separator has-alpha-channel-opacity\" \/>\n<h3 class=\"wp-block-heading\"><strong>Exclusion of liability (disclaimer)<\/strong><\/h3>\n\n<h4 class=\"wp-block-heading\"><strong>Liability for content<\/strong><\/h4>\n\n<p>The contents of our pages have been created with the greatest care. However, we cannot accept any liability for the accuracy, completeness and topicality of the content.<\/p>\n\n<h4 class=\"wp-block-heading\"><strong>Liability for links<\/strong><\/h4>\n\n<p>Our website contains links to external third-party websites over whose content we have no influence. Therefore, we cannot accept any liability for this third-party content.<\/p>\n<hr class=\"wp-block-separator has-alpha-channel-opacity\" \/>\n<h3 class=\"wp-block-heading\"><strong>Copyright<\/strong><\/h3>\n\n<p>The content and works created by the site operators on these pages are subject to German copyright law. Duplication, processing, distribution and any kind of utilisation outside the limits of copyright law require the written consent of the respective author or creator.<\/p>\n<hr class=\"wp-block-separator has-alpha-channel-opacity\" \/>\n<h3 class=\"wp-block-heading\"><strong>Online dispute resolution pursuant to Art. 14 para. 1 ODR-VO:<\/strong><\/h3>\n\n<p>The European Commission provides a platform for online dispute resolution (OS):<br \/><a class=\"\" href=\"https:\/\/consumer-redress.ec.europa.eu\/index_de\" target=\"_blank\" rel=\"noopener\">https:\/\/consumer-redress.ec.europa.eu\/index_dehttps:\/\/ec.europa.eu\/consumers\/odr<\/a><\/p>\n\t\t\t\t\t\t\t\t<\/div>\n\t\t\t\t<\/div>\n\t\t\t\t\t<\/div>\n\t\t\t\t<\/div>\n\t\t\t\t<\/div>","protected":false},"excerpt":{"rendered":"<p>Impressum Angaben gem\u00e4\u00df \u00a7 5 TMG: SAVTRANS-EXPRESS TransportunternehmenWelsestra\u00dfe 1013057 BerlinDeutschland Vertreten durch:Herr Igor Savciuc Kontakt:Telefon: +49 176 210 39 219E-Mail: info@s-umzug.comWebsite: https:\/\/s-umzug.com Umsatzsteuer-ID:Umsatzsteuer-Identifikationsnummer gem\u00e4\u00df \u00a727 a Umsatzsteuergesetz: Ust-IdNr.: DE300453534 Verantwortlich f\u00fcr den Inhalt nach \u00a7 18 Abs. 2 MStV:Igor SavciucWelsestra\u00dfe 1013057 Berlin Haftungsausschluss (Disclaimer) Haftung f\u00fcr Inhalte Die Inhalte unserer Seiten wurden mit gr\u00f6\u00dfter Sorgfalt [&hellip;]<\/p>\n","protected":false},"author":1,"featured_media":0,"parent":0,"menu_order":0,"comment_status":"closed","ping_status":"closed","template":"","meta":{"footnotes":""},"class_list":["post-1591","page","type-page","status-publish","hentry"],"_links":{"self":[{"href":"https:\/\/s-umzug.com\/en\/wp-json\/wp\/v2\/pages\/1591","targetHints":{"allow":["GET"]}}],"collection":[{"href":"https:\/\/s-umzug.com\/en\/wp-json\/wp\/v2\/pages"}],"about":[{"href":"https:\/\/s-umzug.com\/en\/wp-json\/wp\/v2\/types\/page"}],"author":[{"embeddable":true,"href":"https:\/\/s-umzug.com\/en\/wp-json\/wp\/v2\/users\/1"}],"replies":[{"embeddable":true,"href":"https:\/\/s-umzug.com\/en\/wp-json\/wp\/v2\/comments?post=1591"}],"version-history":[{"count":7,"href":"https:\/\/s-umzug.com\/en\/wp-json\/wp\/v2\/pages\/1591\/revisions"}],"predecessor-version":[{"id":1630,"href":"https:\/\/s-umzug.com\/en\/wp-json\/wp\/v2\/pages\/1591\/revisions\/1630"}],"wp:attachment":[{"href":"https:\/\/s-umzug.com\/en\/wp-json\/wp\/v2\/media?parent=1591"}],"curies":[{"name":"wp","href":"https:\/\/api.w.org\/{rel}","templated":true}]}}