{"id":1206,"date":"2024-11-29T07:29:57","date_gmt":"2024-11-29T07:29:57","guid":{"rendered":"https:\/\/s-umzug.com\/?page_id=1206"},"modified":"2025-07-17T15:13:36","modified_gmt":"2025-07-17T15:13:36","slug":"fernumzug-nach-polen","status":"publish","type":"page","link":"https:\/\/s-umzug.com\/ru\/fernumzug-nach-polen\/","title":{"rendered":"\u041c\u0435\u0436\u0434\u0443\u0433\u043e\u0440\u043e\u0434\u043d\u0438\u0439 \u043f\u0435\u0440\u0435\u0435\u0437\u0434 \u0432 \u041f\u043e\u043b\u044c\u0448\u0443"},"content":{"rendered":"\t\t<div data-elementor-type=\"wp-page\" data-elementor-id=\"1206\" class=\"elementor elementor-1206\" data-elementor-post-type=\"page\">\n\t\t\t\t\t\t<section class=\"elementor-section elementor-top-section elementor-element elementor-element-4ec08257 elementor-section-boxed elementor-section-height-default elementor-section-height-default elementor-invisible\" data-id=\"4ec08257\" data-element_type=\"section\" data-e-type=\"section\" data-settings=\"{&quot;background_background&quot;:&quot;classic&quot;,&quot;animation&quot;:&quot;fadeIn&quot;}\">\n\t\t\t\t\t\t\t<div class=\"elementor-background-overlay\"><\/div>\n\t\t\t\t\t\t\t<div class=\"elementor-container elementor-column-gap-default\">\n\t\t\t\t\t<div class=\"elementor-column elementor-col-100 elementor-top-column elementor-element elementor-element-24355fe5\" data-id=\"24355fe5\" data-element_type=\"column\" data-e-type=\"column\">\n\t\t\t<div class=\"elementor-widget-wrap elementor-element-populated\">\n\t\t\t\t\t\t\t<\/div>\n\t\t<\/div>\n\t\t\t\t\t<\/div>\n\t\t<\/section>\n\t\t\t\t<section class=\"elementor-section elementor-top-section elementor-element elementor-element-473cdf82 elementor-section-boxed elementor-section-height-default elementor-section-height-default elementor-invisible\" data-id=\"473cdf82\" data-element_type=\"section\" data-e-type=\"section\" data-settings=\"{&quot;animation&quot;:&quot;fadeIn&quot;}\">\n\t\t\t\t\t\t<div class=\"elementor-container elementor-column-gap-default\">\n\t\t\t\t\t<div class=\"elementor-column elementor-col-50 elementor-top-column elementor-element elementor-element-48f2acda\" data-id=\"48f2acda\" data-element_type=\"column\" data-e-type=\"column\">\n\t\t\t<div class=\"elementor-widget-wrap elementor-element-populated\">\n\t\t\t\t\t\t<div class=\"elementor-element elementor-element-783b73c7 elementor-widget__width-initial elementor-invisible elementor-widget elementor-widget-heading\" data-id=\"783b73c7\" data-element_type=\"widget\" data-e-type=\"widget\" data-settings=\"{&quot;_animation&quot;:&quot;fadeInUp&quot;}\" data-widget_type=\"heading.default\">\n\t\t\t\t<div class=\"elementor-widget-container\">\n\t\t\t\t\t<h3 class=\"elementor-heading-title elementor-size-default\">Berlin nach Polen<\/h3>\t\t\t\t<\/div>\n\t\t\t\t<\/div>\n\t\t\t\t<div class=\"elementor-element elementor-element-2ab81a6 elementor-widget-mobile__width-inherit elementor-widget-tablet__width-inherit elementor-invisible elementor-widget elementor-widget-text-editor\" data-id=\"2ab81a6\" data-element_type=\"widget\" data-e-type=\"widget\" data-settings=\"{&quot;_animation&quot;:&quot;fadeInUp&quot;}\" data-widget_type=\"text-editor.default\">\n\t\t\t\t<div class=\"elementor-widget-container\">\n\t\t\t\t\t\t\t\t\t<p>Wenn Sie an einen Umzug nach Polen denken, dann sehen Sie sicher eine Menge Arbeit vor sich. Umzugskartons, die man noch packen muss, M\u00f6beln schleppen und wom\u00f6glich gibt es auch nur eine Person, die einem dabei helfen kann.\u00a0<\/p><p>Wenden Sie sich einfach an uns und holen sich bei uns ein Angebot ein.<br \/>Wir kennen uns mit Fernumz\u00fcgen bestens aus und wissen, worauf es ankommt.\u00a0<\/p><p>Nach einem Beratungsgespr\u00e4ch oder gerne einem kostenlosen Besichtigungstermin werden wir alle Planungen und Organisationen f\u00fcr Sie erledigen, sodass Sie sich ganz auf die Vorbereitung des Umzuges fokussieren k\u00f6nnen.\u00a0<\/p><p>Wenn Ihnen die Zeit zum Packen der Kartons fehlt, k\u00f6nnen wir diese Leistung ebenfalls f\u00fcr Sie erledigen. Egal welche W\u00fcnsche Sie haben, wir k\u00fcmmern uns um jedes Detail.\u00a0<\/p><p>Bei einer Distanz von Berlin nach Polen sollte alles reibungslos verlaufen, mal sollte nat\u00fcrlich das richtige Fahrzeug und die richtige Anzahl der Umzugshelfer einplanen, damit auch wirklich alle G\u00fcter mitgenommen werden k\u00f6nnen und es sich zeitlich nicht zu sehr in die L\u00e4nge zieht.\u00a0<\/p><p>\u00a0<\/p><p>Wir beraten Sie gerne und finden gemeinsam heraus, wie Sie sich Ihren Umzug vorstellen. Stellen Sie uns eine Anfrage \u00fcber unser Kundenformular und erhalten Sie ein unverbindliches und kosteng\u00fcnstiges Angebot von uns.\u00a0<\/p><p>Unsere Leistungen auf einen Blick:\u00a0<\/p><ol><li aria-level=\"1\">Transport von A nach B\u00a0<\/li><li aria-level=\"1\">Montagearbeiten\u00a0<\/li><li aria-level=\"1\">Ein\/- und Auspackservice\u00a0<\/li><li aria-level=\"1\">Verpackungsmaterialien\u00a0<\/li><li aria-level=\"1\">Entsorgungen<\/li><li aria-level=\"1\">Halteverbotszone einrichten\u00a0<\/li><li aria-level=\"1\">Entr\u00fcmpelungen\u00a0<\/li><li aria-level=\"1\">Transport von Schwerlast bis zu 100kg<\/li><li aria-level=\"1\">B\u00fcroumz\u00fcge<\/li><li aria-level=\"1\">Fernumz\u00fcge<\/li><li aria-level=\"1\">Privatumz\u00fcge<\/li><li aria-level=\"1\">Europaweite Umz\u00fcge<\/li><\/ol>\t\t\t\t\t\t\t\t<\/div>\n\t\t\t\t<\/div>\n\t\t\t\t\t<\/div>\n\t\t<\/div>\n\t\t\t\t<div class=\"elementor-column elementor-col-50 elementor-top-column elementor-element elementor-element-31b98f16\" data-id=\"31b98f16\" data-element_type=\"column\" data-e-type=\"column\">\n\t\t\t<div class=\"elementor-widget-wrap elementor-element-populated\">\n\t\t\t\t\t\t<div class=\"elementor-element elementor-element-3378019 elementor-widget__width-inherit elementor-invisible elementor-widget elementor-widget-heading\" data-id=\"3378019\" data-element_type=\"widget\" data-e-type=\"widget\" data-settings=\"{&quot;_animation&quot;:&quot;fadeInUp&quot;}\" data-widget_type=\"heading.default\">\n\t\t\t\t<div class=\"elementor-widget-container\">\n\t\t\t\t\t<h3 class=\"elementor-heading-title elementor-size-default\">Bitte senden Sie uns eine unverbindliche Preisanfrage.<\/h3>\t\t\t\t<\/div>\n\t\t\t\t<\/div>\n\t\t\t\t<div class=\"elementor-element elementor-element-60e31a4 elementor-button-align-stretch elementor-widget elementor-widget-form\" data-id=\"60e31a4\" data-element_type=\"widget\" data-e-type=\"widget\" data-settings=\"{&quot;step_next_label&quot;:&quot;Next&quot;,&quot;step_previous_label&quot;:&quot;Previous&quot;,&quot;button_width&quot;:&quot;100&quot;,&quot;step_type&quot;:&quot;number_text&quot;,&quot;step_icon_shape&quot;:&quot;circle&quot;}\" data-widget_type=\"form.default\">\n\t\t\t\t<div class=\"elementor-widget-container\">\n\t\t\t\t\t\t\t<form class=\"elementor-form\" method=\"post\" name=\"New Form\">\n\t\t\t<input type=\"hidden\" name=\"post_id\" value=\"1206\"\/>\n\t\t\t<input type=\"hidden\" name=\"form_id\" value=\"60e31a4\"\/>\n\t\t\t<input type=\"hidden\" name=\"referer_title\" value=\"\" \/>\n\n\t\t\t\n\t\t\t<div class=\"elementor-form-fields-wrapper elementor-labels-\">\n\t\t\t\t\t\t\t\t<div class=\"elementor-field-type-text elementor-field-group elementor-column elementor-field-group-name elementor-col-100\">\n\t\t\t\t\t\t\t\t\t\t\t\t<label for=\"form-field-name\" class=\"elementor-field-label elementor-screen-only\">\n\t\t\t\t\t\t\t\tName\t\t\t\t\t\t\t<\/label>\n\t\t\t\t\t\t\t\t\t\t\t\t\t\t<input size=\"1\" type=\"text\" name=\"form_fields[name]\" id=\"form-field-name\" class=\"elementor-field elementor-size-sm  elementor-field-textual\" placeholder=\"Name\">\n\t\t\t\t\t\t\t\t\t\t\t<\/div>\n\t\t\t\t\t\t\t\t<div class=\"elementor-field-type-email elementor-field-group elementor-column elementor-field-group-email elementor-col-100 elementor-field-required\">\n\t\t\t\t\t\t\t\t\t\t\t\t<label for=\"form-field-email\" class=\"elementor-field-label elementor-screen-only\">\n\t\t\t\t\t\t\t\tEmail\t\t\t\t\t\t\t<\/label>\n\t\t\t\t\t\t\t\t\t\t\t\t\t\t<input size=\"1\" type=\"email\" name=\"form_fields[email]\" id=\"form-field-email\" class=\"elementor-field elementor-size-sm  elementor-field-textual\" placeholder=\"Email\" required=\"required\" aria-required=\"true\">\n\t\t\t\t\t\t\t\t\t\t\t<\/div>\n\t\t\t\t\t\t\t\t<div class=\"elementor-field-type-tel elementor-field-group elementor-column elementor-field-group-field_ea73141 elementor-col-100 elementor-field-required\">\n\t\t\t\t\t\t\t\t\t\t\t\t<label for=\"form-field-field_ea73141\" class=\"elementor-field-label elementor-screen-only\">\n\t\t\t\t\t\t\t\tTelefonnummer\t\t\t\t\t\t\t<\/label>\n\t\t\t\t\t\t\t\t<input size=\"1\" type=\"tel\" name=\"form_fields[field_ea73141]\" id=\"form-field-field_ea73141\" class=\"elementor-field elementor-size-sm  elementor-field-textual\" placeholder=\"Telefonnummer\" required=\"required\" aria-required=\"true\" pattern=\"[0-9()#&amp;+*-=.]+\" title=\"Only numbers and phone characters (#, -, *, etc) are accepted.\">\n\n\t\t\t\t\t\t<\/div>\n\t\t\t\t\t\t\t\t<div class=\"elementor-field-type-text elementor-field-group elementor-column elementor-field-group-field_b6aced4 elementor-col-100 elementor-field-required\">\n\t\t\t\t\t\t\t\t\t\t\t\t<label for=\"form-field-field_b6aced4\" class=\"elementor-field-label elementor-screen-only\">\n\t\t\t\t\t\t\t\tGeplantes Datum ?\t\t\t\t\t\t\t<\/label>\n\t\t\t\t\t\t\t\t\t\t\t\t\t\t<input size=\"1\" type=\"text\" name=\"form_fields[field_b6aced4]\" id=\"form-field-field_b6aced4\" class=\"elementor-field elementor-size-sm  elementor-field-textual\" placeholder=\"Geplantes Datum ?\" required=\"required\" aria-required=\"true\">\n\t\t\t\t\t\t\t\t\t\t\t<\/div>\n\t\t\t\t\t\t\t\t<div class=\"elementor-field-type-textarea elementor-field-group elementor-column elementor-field-group-message elementor-col-100\">\n\t\t\t\t\t\t\t\t\t\t\t\t<label for=\"form-field-message\" class=\"elementor-field-label elementor-screen-only\">\n\t\t\t\t\t\t\t\tNachricht\t\t\t\t\t\t\t<\/label>\n\t\t\t\t\t\t<textarea class=\"elementor-field-textual elementor-field  elementor-size-sm\" name=\"form_fields[message]\" id=\"form-field-message\" rows=\"4\" placeholder=\"Nachricht\"><\/textarea>\t\t\t\t<\/div>\n\t\t\t\t\t\t\t\t<div class=\"elementor-field-type-recaptcha elementor-field-group elementor-column elementor-field-group-field_738cdc8 elementor-col-100\">\n\t\t\t\t\t<div class=\"elementor-field\" id=\"form-field-field_738cdc8\"><\/div>\t\t\t\t<\/div>\n\t\t\t\t\t\t\t\t<div class=\"elementor-field-group elementor-column elementor-field-type-submit elementor-col-100 e-form__buttons\">\n\t\t\t\t\t<button class=\"elementor-button elementor-size-sm\" type=\"submit\">\n\t\t\t\t\t\t<span class=\"elementor-button-content-wrapper\">\n\t\t\t\t\t\t\t\t\t\t\t\t\t\t\t\t\t\t\t\t\t\t<span class=\"elementor-button-text\">senden<\/span>\n\t\t\t\t\t\t\t\t\t\t\t\t\t<\/span>\n\t\t\t\t\t<\/button>\n\t\t\t\t<\/div>\n\t\t\t<\/div>\n\t\t<\/form>\n\t\t\t\t\t\t<\/div>\n\t\t\t\t<\/div>\n\t\t\t\t\t<\/div>\n\t\t<\/div>\n\t\t\t\t\t<\/div>\n\t\t<\/section>\n\t\t\t\t<\/div>\n\t\t","protected":false},"excerpt":{"rendered":"<p>Berlin nach Polen Wenn Sie an einen Umzug nach Polen denken, dann sehen Sie sicher eine Menge Arbeit vor sich. Umzugskartons, die man noch packen muss, M\u00f6beln schleppen und wom\u00f6glich gibt es auch nur eine Person, die einem dabei helfen kann.\u00a0 Wenden Sie sich einfach an uns und holen sich bei uns ein Angebot ein.Wir [&hellip;]<\/p>\n","protected":false},"author":1,"featured_media":0,"parent":0,"menu_order":0,"comment_status":"closed","ping_status":"closed","template":"elementor_header_footer","meta":{"footnotes":""},"class_list":["post-1206","page","type-page","status-publish","hentry"],"_links":{"self":[{"href":"https:\/\/s-umzug.com\/ru\/wp-json\/wp\/v2\/pages\/1206","targetHints":{"allow":["GET"]}}],"collection":[{"href":"https:\/\/s-umzug.com\/ru\/wp-json\/wp\/v2\/pages"}],"about":[{"href":"https:\/\/s-umzug.com\/ru\/wp-json\/wp\/v2\/types\/page"}],"author":[{"embeddable":true,"href":"https:\/\/s-umzug.com\/ru\/wp-json\/wp\/v2\/users\/1"}],"replies":[{"embeddable":true,"href":"https:\/\/s-umzug.com\/ru\/wp-json\/wp\/v2\/comments?post=1206"}],"version-history":[{"count":13,"href":"https:\/\/s-umzug.com\/ru\/wp-json\/wp\/v2\/pages\/1206\/revisions"}],"predecessor-version":[{"id":1503,"href":"https:\/\/s-umzug.com\/ru\/wp-json\/wp\/v2\/pages\/1206\/revisions\/1503"}],"wp:attachment":[{"href":"https:\/\/s-umzug.com\/ru\/wp-json\/wp\/v2\/media?parent=1206"}],"curies":[{"name":"wp","href":"https:\/\/api.w.org\/{rel}","templated":true}]}}