{"id":458,"date":"2024-11-23T08:21:17","date_gmt":"2024-11-23T08:21:17","guid":{"rendered":"https:\/\/s-umzug.com\/?page_id=458"},"modified":"2026-02-12T15:17:14","modified_gmt":"2026-02-12T15:17:14","slug":"leistungen","status":"publish","type":"page","link":"https:\/\/s-umzug.com\/ru\/leistungen\/","title":{"rendered":"\u0423\u0441\u043b\u0443\u0433\u0430 \u0443\u0434\u0430\u043b\u0435\u043d\u0438\u044f \u0438 \u043f\u0440\u0435\u0438\u043c\u0443\u0449\u0435\u0441\u0442\u0432\u0430"},"content":{"rendered":"<div data-elementor-type=\"wp-page\" data-elementor-id=\"458\" class=\"elementor elementor-458\" data-elementor-post-type=\"page\">\n\t\t\t\t\t\t<section class=\"elementor-section elementor-top-section elementor-element elementor-element-6efaae95 elementor-section-boxed elementor-section-height-default elementor-section-height-default elementor-invisible\" data-id=\"6efaae95\" data-element_type=\"section\" data-e-type=\"section\" data-settings=\"{&quot;background_background&quot;:&quot;classic&quot;,&quot;animation&quot;:&quot;fadeIn&quot;}\">\n\t\t\t\t\t\t\t<div class=\"elementor-background-overlay\"><\/div>\n\t\t\t\t\t\t\t<div class=\"elementor-container elementor-column-gap-default\">\n\t\t\t\t\t<div class=\"elementor-column elementor-col-100 elementor-top-column elementor-element elementor-element-70c33c7e\" data-id=\"70c33c7e\" data-element_type=\"column\" data-e-type=\"column\">\n\t\t\t<div class=\"elementor-widget-wrap elementor-element-populated\">\n\t\t\t\t\t\t<div class=\"elementor-element elementor-element-18714834 elementor-invisible elementor-widget elementor-widget-heading\" data-id=\"18714834\" data-element_type=\"widget\" data-e-type=\"widget\" data-settings=\"{&quot;_animation&quot;:&quot;fadeInUp&quot;}\" data-widget_type=\"heading.default\">\n\t\t\t\t<div class=\"elementor-widget-container\">\n\t\t\t\t\t<h2 class=\"elementor-heading-title elementor-size-default\">\u0423\u0441\u043b\u0443\u0433\u0430 \u0443\u0434\u0430\u043b\u0435\u043d\u0438\u044f \u0438 \u043f\u0440\u0435\u0438\u043c\u0443\u0449\u0435\u0441\u0442\u0432\u0430<\/h2>\t\t\t\t<\/div>\n\t\t\t\t<\/div>\n\t\t\t\t<div class=\"elementor-element elementor-element-24a08f2f elementor-widget-mobile__width-inherit elementor-invisible elementor-widget elementor-widget-text-editor\" data-id=\"24a08f2f\" data-element_type=\"widget\" data-e-type=\"widget\" data-settings=\"{&quot;_animation&quot;:&quot;fadeInUp&quot;}\" data-widget_type=\"text-editor.default\">\n\t\t\t\t<div class=\"elementor-widget-container\">\n\t\t\t\t\t\t\t\t\t<p>\u041f\u0440\u043e\u0444\u0435\u0441\u0441\u0438\u043e\u043d\u0430\u043b\u044c\u043d\u044b\u0435 \u043f\u0435\u0440\u0435\u0435\u0437\u0434\u044b \u0441 \u043a\u043e\u043c\u043f\u043b\u0435\u043a\u0441\u043d\u044b\u043c \u043e\u0431\u0441\u043b\u0443\u0436\u0438\u0432\u0430\u043d\u0438\u0435\u043c: \u0442\u0440\u0430\u043d\u0441\u043f\u043e\u0440\u0442\u0438\u0440\u043e\u0432\u043a\u0430, \u0441\u0431\u043e\u0440\u043a\u0430, \u0443\u043f\u0430\u043a\u043e\u0432\u043a\u0430 \u0438 \u043f\u043b\u0430\u043d\u0438\u0440\u043e\u0432\u0430\u043d\u0438\u0435 \u0438\u0437 \u043e\u0434\u043d\u0438\u0445 \u0440\u0443\u043a.<\/p>\t\t\t\t\t\t\t\t<\/div>\n\t\t\t\t<\/div>\n\t\t\t\t\t<\/div>\n\t\t<\/div>\n\t\t\t\t\t<\/div>\n\t\t<\/section>\n\t\t\t\t<section class=\"elementor-section elementor-top-section elementor-element elementor-element-4dfed33 elementor-section-boxed elementor-section-height-default elementor-section-height-default\" data-id=\"4dfed33\" data-element_type=\"section\" data-e-type=\"section\">\n\t\t\t\t\t\t<div class=\"elementor-container elementor-column-gap-default\">\n\t\t\t\t\t<div class=\"elementor-column elementor-col-100 elementor-top-column elementor-element elementor-element-969a93d\" data-id=\"969a93d\" data-element_type=\"column\" data-e-type=\"column\">\n\t\t\t<div class=\"elementor-widget-wrap elementor-element-populated\">\n\t\t\t\t\t\t<div class=\"elementor-element elementor-element-c53bba3 elementor-widget__width-auto elementor-invisible elementor-widget elementor-widget-heading\" data-id=\"c53bba3\" data-element_type=\"widget\" data-e-type=\"widget\" data-settings=\"{&quot;_animation&quot;:&quot;fadeInUp&quot;}\" data-widget_type=\"heading.default\">\n\t\t\t\t<div class=\"elementor-widget-container\">\n\t\t\t\t\t<h6 class=\"elementor-heading-title elementor-size-default\">\u0421\u043b\u0443\u0436\u0431\u0430 \u044d\u0432\u0430\u043a\u0443\u0430\u0446\u0438\u0438 \u0411\u0435\u0440\u043b\u0438\u043d - \u0413\u0435\u0440\u043c\u0430\u043d\u0438\u044f - \u0415\u0432\u0440\u043e\u043f\u0430<\/h6>\t\t\t\t<\/div>\n\t\t\t\t<\/div>\n\t\t\t\t<div class=\"elementor-element elementor-element-346360c elementor-invisible elementor-widget elementor-widget-heading\" data-id=\"346360c\" data-element_type=\"widget\" data-e-type=\"widget\" data-settings=\"{&quot;_animation&quot;:&quot;fadeInUp&quot;}\" data-widget_type=\"heading.default\">\n\t\t\t\t<div class=\"elementor-widget-container\">\n\t\t\t\t\t<h1 class=\"elementor-heading-title elementor-size-default\">\u041d\u0430\u0448\u0430 \u0441\u043b\u0443\u0436\u0431\u0430 \u0432\u044b\u0432\u043e\u0437\u0430 \u0438 \u043d\u0430\u0448\u0438 \u0443\u0441\u043b\u0443\u0433\u0438 \u0441 \u043f\u0435\u0440\u0432\u043e\u0433\u043e \u0432\u0437\u0433\u043b\u044f\u0434\u0430<\/h1>\t\t\t\t<\/div>\n\t\t\t\t<\/div>\n\t\t\t\t<div class=\"elementor-element elementor-element-5c05ed5 elementor-invisible elementor-widget elementor-widget-text-editor\" data-id=\"5c05ed5\" data-element_type=\"widget\" data-e-type=\"widget\" data-settings=\"{&quot;_animation&quot;:&quot;fadeInUp&quot;}\" data-widget_type=\"text-editor.default\">\n\t\t\t\t<div class=\"elementor-widget-container\">\n\t\t\t\t\t\t\t\t\t<p>\u0412\u044b\u0431\u0435\u0440\u0438\u0442\u0435 \u043f\u043e\u0434\u0445\u043e\u0434\u044f\u0449\u0443\u044e \u0443\u0441\u043b\u0443\u0433\u0443 \u043f\u043e \u0432\u044b\u0432\u043e\u0437\u0443 \u043c\u0443\u0441\u043e\u0440\u0430:<br data-start=\"322\" data-end=\"325\" \/>\u0411\u0443\u0434\u044c \u0442\u043e \u043f\u0435\u0440\u0435\u0435\u0437\u0434 \u0432 \u0411\u0435\u0440\u043b\u0438\u043d\u0435, \u043f\u043e \u0413\u0435\u0440\u043c\u0430\u043d\u0438\u0438 \u0438\u043b\u0438 \u043f\u043e \u0432\u0441\u0435\u0439 \u0415\u0432\u0440\u043e\u043f\u0435 - \u043d\u0430\u0448\u0430 \u043a\u043e\u043c\u0430\u043d\u0434\u0430 \u0441\u043f\u043b\u0430\u043d\u0438\u0440\u0443\u0435\u0442 \u043b\u044e\u0431\u0443\u044e \u043f\u0435\u0440\u0435\u0432\u043e\u0437\u043a\u0443 \u043d\u0430\u0434\u0435\u0436\u043d\u043e, \u0432\u043e\u0432\u0440\u0435\u043c\u044f \u0438 \u043f\u043e \u0441\u043f\u0440\u0430\u0432\u0435\u0434\u043b\u0438\u0432\u043e\u0439 \u0446\u0435\u043d\u0435.<\/p><p><br data-start=\"470\" data-end=\"473\" \/>\u0417\u0430\u043f\u0440\u043e\u0441\u0438\u0442\u0435 \u0441\u0432\u043e\u0435 \u043d\u0435\u043e\u0431\u044f\u0437\u044b\u0432\u0430\u044e\u0449\u0435\u0435 \u043f\u0440\u0435\u0434\u043b\u043e\u0436\u0435\u043d\u0438\u0435 \u043f\u0440\u044f\u043c\u043e \u0441\u0435\u0439\u0447\u0430\u0441.<\/p>\t\t\t\t\t\t\t\t<\/div>\n\t\t\t\t<\/div>\n\t\t\t\t<div class=\"elementor-element elementor-element-ac88c78 elementor-widget-mobile__width-inherit elementor-widget__width-initial elementor-view-default elementor-position-block-start elementor-mobile-position-block-start elementor-invisible elementor-widget elementor-widget-icon-box\" data-id=\"ac88c78\" data-element_type=\"widget\" data-e-type=\"widget\" data-settings=\"{&quot;_animation&quot;:&quot;fadeInLeft&quot;}\" data-widget_type=\"icon-box.default\">\n\t\t\t\t<div class=\"elementor-widget-container\">\n\t\t\t\t\t\t\t<div class=\"elementor-icon-box-wrapper\">\n\n\t\t\t\t\t\t<div class=\"elementor-icon-box-icon\">\n\t\t\t\t<a href=\"https:\/\/s-umzug.com\/ru\/umzug-berlin\/\" class=\"elementor-icon elementor-animation-float\" tabindex=\"-1\" aria-label=\"\u0423\u0434\u0430\u043b\u0435\u043d\u0438\u0435 \u0411\u0435\u0440\u043b\u0438\u043d &lt;br&gt;\">\n\t\t\t\t<i aria-hidden=\"true\" class=\"icon icon-construction-tool-vehicle-with-crane-lifting-materials\"><\/i>\t\t\t\t<\/a>\n\t\t\t<\/div>\n\t\t\t\n\t\t\t\t\t\t<div class=\"elementor-icon-box-content\">\n\n\t\t\t\t\t\t\t\t\t<h5 class=\"elementor-icon-box-title\">\n\t\t\t\t\t\t<a href=\"https:\/\/s-umzug.com\/ru\/umzug-berlin\/\" >\n\t\t\t\t\t\t\t\u0423\u0434\u0430\u043b\u0435\u043d\u0438\u0435 \u0411\u0435\u0440\u043b\u0438\u043d <br>\t\t\t\t\t\t<\/a>\n\t\t\t\t\t<\/h5>\n\t\t\t\t\n\t\t\t\t\t\t\t\t\t<p class=\"elementor-icon-box-description\">\n\t\t\t\t\t\t\u041f\u0435\u0440\u0435\u0432\u043e\u0437\u043a\u0438 \u043f\u043e \u0411\u0435\u0440\u043b\u0438\u043d\u0443 \u0438 \u0432\u0441\u0435\u043c \u0440\u0430\u0439\u043e\u043d\u0430\u043c.\t\t\t\t\t<\/p>\n\t\t\t\t\n\t\t\t<\/div>\n\t\t\t\n\t\t<\/div>\n\t\t\t\t\t\t<\/div>\n\t\t\t\t<\/div>\n\t\t\t\t<div class=\"elementor-element elementor-element-4e92810 elementor-widget-mobile__width-inherit elementor-widget__width-initial elementor-view-default elementor-position-block-start elementor-mobile-position-block-start elementor-invisible elementor-widget elementor-widget-icon-box\" data-id=\"4e92810\" data-element_type=\"widget\" data-e-type=\"widget\" data-settings=\"{&quot;_animation&quot;:&quot;fadeInLeft&quot;}\" data-widget_type=\"icon-box.default\">\n\t\t\t\t<div class=\"elementor-widget-container\">\n\t\t\t\t\t\t\t<div class=\"elementor-icon-box-wrapper\">\n\n\t\t\t\t\t\t<div class=\"elementor-icon-box-icon\">\n\t\t\t\t<a href=\"https:\/\/s-umzug.com\/ru\/umzug-deutschland\/\" class=\"elementor-icon elementor-animation-float\" tabindex=\"-1\" aria-label=\"\u041f\u0435\u0440\u0435\u0435\u0437\u0434 \u0413\u0435\u0440\u043c\u0430\u043d\u0438\u044f&lt;br&gt;\">\n\t\t\t\t<i aria-hidden=\"true\" class=\"icon icon-construction-tool-vehicle-with-crane-lifting-materials\"><\/i>\t\t\t\t<\/a>\n\t\t\t<\/div>\n\t\t\t\n\t\t\t\t\t\t<div class=\"elementor-icon-box-content\">\n\n\t\t\t\t\t\t\t\t\t<h5 class=\"elementor-icon-box-title\">\n\t\t\t\t\t\t<a href=\"https:\/\/s-umzug.com\/ru\/umzug-deutschland\/\" >\n\t\t\t\t\t\t\t\u041f\u0435\u0440\u0435\u0435\u0437\u0434 \u0413\u0435\u0440\u043c\u0430\u043d\u0438\u044f<br>\t\t\t\t\t\t<\/a>\n\t\t\t\t\t<\/h5>\n\t\t\t\t\n\t\t\t\t\t\t\t\t\t<p class=\"elementor-icon-box-description\">\n\t\t\t\t\t\t\u041f\u0435\u0440\u0435\u0432\u043e\u0437\u043a\u0438 \u0438\u0437 \u0411\u0435\u0440\u043b\u0438\u043d\u0430 \u0432\u043e \u0432\u0441\u0435 \u0433\u043e\u0440\u043e\u0434\u0430 \u0413\u0435\u0440\u043c\u0430\u043d\u0438\u0438.\n\t\t\t\t\t<\/p>\n\t\t\t\t\n\t\t\t<\/div>\n\t\t\t\n\t\t<\/div>\n\t\t\t\t\t\t<\/div>\n\t\t\t\t<\/div>\n\t\t\t\t<div class=\"elementor-element elementor-element-cf616f7 elementor-widget-mobile__width-inherit elementor-widget__width-initial elementor-view-default elementor-position-block-start elementor-mobile-position-block-start elementor-invisible elementor-widget elementor-widget-icon-box\" data-id=\"cf616f7\" data-element_type=\"widget\" data-e-type=\"widget\" data-settings=\"{&quot;_animation&quot;:&quot;fadeInLeft&quot;}\" data-widget_type=\"icon-box.default\">\n\t\t\t\t<div class=\"elementor-widget-container\">\n\t\t\t\t\t\t\t<div class=\"elementor-icon-box-wrapper\">\n\n\t\t\t\t\t\t<div class=\"elementor-icon-box-icon\">\n\t\t\t\t<a href=\"https:\/\/s-umzug.com\/ru\/umzug-europa\/\" class=\"elementor-icon elementor-animation-float\" tabindex=\"-1\" aria-label=\"\u041f\u0435\u0440\u0435\u0435\u0437\u0434 \u0432 \u0415\u0432\u0440\u043e\u043f\u0443&lt;br&gt;\">\n\t\t\t\t<i aria-hidden=\"true\" class=\"icon icon-construction-tool-vehicle-with-crane-lifting-materials\"><\/i>\t\t\t\t<\/a>\n\t\t\t<\/div>\n\t\t\t\n\t\t\t\t\t\t<div class=\"elementor-icon-box-content\">\n\n\t\t\t\t\t\t\t\t\t<h5 class=\"elementor-icon-box-title\">\n\t\t\t\t\t\t<a href=\"https:\/\/s-umzug.com\/ru\/umzug-europa\/\" >\n\t\t\t\t\t\t\t\u041f\u0435\u0440\u0435\u0435\u0437\u0434 \u0432 \u0415\u0432\u0440\u043e\u043f\u0443<br>\n\t\t\t\t\t\t<\/a>\n\t\t\t\t\t<\/h5>\n\t\t\t\t\n\t\t\t\t\t\t\t\t\t<p class=\"elementor-icon-box-description\">\n\t\t\t\t\t\t\u041c\u0435\u0436\u0434\u0443\u043d\u0430\u0440\u043e\u0434\u043d\u044b\u0435 \u043f\u0435\u0440\u0435\u0435\u0437\u0434\u044b \u0438\u0437 \u0411\u0435\u0440\u043b\u0438\u043d\u0430 \u043f\u043e \u0432\u0441\u0435\u0439 \u0415\u0432\u0440\u043e\u043f\u0435.\t\t\t\t\t<\/p>\n\t\t\t\t\n\t\t\t<\/div>\n\t\t\t\n\t\t<\/div>\n\t\t\t\t\t\t<\/div>\n\t\t\t\t<\/div>\n\t\t\t\t<div class=\"elementor-element elementor-element-3971396 elementor-invisible elementor-widget elementor-widget-text-editor\" data-id=\"3971396\" data-element_type=\"widget\" data-e-type=\"widget\" data-settings=\"{&quot;_animation&quot;:&quot;fadeInUp&quot;}\" data-widget_type=\"text-editor.default\">\n\t\t\t\t<div class=\"elementor-widget-container\">\n\t\t\t\t\t\t\t\t\t<p>\u041a\u0430\u043a&nbsp;<span data-start=\"419\" data-end=\"446\" style=\"font-weight: bolder;\">\u0423\u0441\u043b\u0443\u0433\u0438 \u043f\u043e \u0443\u0434\u0430\u043b\u0435\u043d\u0438\u044e \u0432 \u0411\u0435\u0440\u043b\u0438\u043d\u0435<\/span>&nbsp;\u041f\u043e\u043c\u0438\u043c\u043e \u0442\u0440\u0430\u0434\u0438\u0446\u0438\u043e\u043d\u043d\u044b\u0445 \u043f\u0435\u0440\u0435\u0435\u0437\u0434\u043e\u0432, \u043c\u044b \u0442\u0430\u043a\u0436\u0435 \u043f\u0440\u0435\u0434\u043b\u0430\u0433\u0430\u0435\u043c \u0441\u0431\u043e\u0440\u043a\u0443, \u0443\u043f\u0430\u043a\u043e\u0432\u043a\u0443 \u0438 \u0434\u043e\u043f\u043e\u043b\u043d\u0438\u0442\u0435\u043b\u044c\u043d\u044b\u0435 \u0443\u0441\u043b\u0443\u0433\u0438 \u0434\u043b\u044f \u0447\u0430\u0441\u0442\u043d\u044b\u0445 \u0438 \u043a\u043e\u0440\u043f\u043e\u0440\u0430\u0442\u0438\u0432\u043d\u044b\u0445 \u043a\u043b\u0438\u0435\u043d\u0442\u043e\u0432.&nbsp;<\/p>\t\t\t\t\t\t\t\t<\/div>\n\t\t\t\t<\/div>\n\t\t\t\t<div class=\"elementor-element elementor-element-0278ea7 elementor-widget-mobile__width-inherit elementor-widget__width-initial elementor-view-default elementor-position-block-start elementor-mobile-position-block-start elementor-invisible elementor-widget elementor-widget-icon-box\" data-id=\"0278ea7\" data-element_type=\"widget\" data-e-type=\"widget\" data-settings=\"{&quot;_animation&quot;:&quot;fadeInUp&quot;}\" data-widget_type=\"icon-box.default\">\n\t\t\t\t<div class=\"elementor-widget-container\">\n\t\t\t\t\t\t\t<div class=\"elementor-icon-box-wrapper\">\n\n\t\t\t\t\t\t<div class=\"elementor-icon-box-icon\">\n\t\t\t\t<a href=\"#\" class=\"elementor-icon elementor-animation-float\" tabindex=\"-1\" aria-label=\"\u0414\u043e\u0441\u0442\u0430\u0432\u043a\u0430 \u0438 \u0442\u0440\u0430\u043d\u0441\u043f\u043e\u0440\u0442\u0438\u0440\u043e\u0432\u043a\u0430&lt;br&gt;\">\n\t\t\t\t<i aria-hidden=\"true\" class=\"icon icon-building\"><\/i>\t\t\t\t<\/a>\n\t\t\t<\/div>\n\t\t\t\n\t\t\t\t\t\t<div class=\"elementor-icon-box-content\">\n\n\t\t\t\t\t\t\t\t\t<h5 class=\"elementor-icon-box-title\">\n\t\t\t\t\t\t<a href=\"#\" >\n\t\t\t\t\t\t\t\u0414\u043e\u0441\u0442\u0430\u0432\u043a\u0430 \u0438 \u0442\u0440\u0430\u043d\u0441\u043f\u043e\u0440\u0442\u0438\u0440\u043e\u0432\u043a\u0430\n<br>\t\t\t\t\t\t<\/a>\n\t\t\t\t\t<\/h5>\n\t\t\t\t\n\t\t\t\t\t\t\t\t\t<p class=\"elementor-icon-box-description\">\n\t\t\t\t\t\t\u0421\u0431\u043e\u0440\u043a\u0430 \u0438 \u0434\u043e\u0441\u0442\u0430\u0432\u043a\u0430 \u043f\u0440\u044f\u043c\u043e \u043a \u0432\u0430\u043c \u0434\u043e\u043c\u043e\u0439 - \u043f\u043e \u0436\u0435\u043b\u0430\u043d\u0438\u044e \u043c\u044b \u043c\u043e\u0436\u0435\u043c \u0432\u0437\u044f\u0442\u044c \u043d\u0430 \u0441\u0435\u0431\u044f \u0441\u0431\u043e\u0440\u043a\u0443.\n\t\t\t\t\t<\/p>\n\t\t\t\t\n\t\t\t<\/div>\n\t\t\t\n\t\t<\/div>\n\t\t\t\t\t\t<\/div>\n\t\t\t\t<\/div>\n\t\t\t\t<div class=\"elementor-element elementor-element-70feb1a elementor-widget-mobile__width-inherit elementor-widget__width-initial elementor-view-default elementor-position-block-start elementor-mobile-position-block-start elementor-invisible elementor-widget elementor-widget-icon-box\" data-id=\"70feb1a\" data-element_type=\"widget\" data-e-type=\"widget\" data-settings=\"{&quot;_animation&quot;:&quot;fadeInLeft&quot;}\" data-widget_type=\"icon-box.default\">\n\t\t\t\t<div class=\"elementor-widget-container\">\n\t\t\t\t\t\t\t<div class=\"elementor-icon-box-wrapper\">\n\n\t\t\t\t\t\t<div class=\"elementor-icon-box-icon\">\n\t\t\t\t<a href=\"#\" class=\"elementor-icon elementor-animation-float\" tabindex=\"-1\" aria-label=\"\u0421\u0431\u043e\u0440\u043a\u0430 \u0438 \u0443\u043f\u0430\u043a\u043e\u0432\u043a\u0430 \u043c\u0435\u0431\u0435\u043b\u0438\">\n\t\t\t\t<i aria-hidden=\"true\" class=\"icon icon-construction-tool-vehicle-with-crane-lifting-materials\"><\/i>\t\t\t\t<\/a>\n\t\t\t<\/div>\n\t\t\t\n\t\t\t\t\t\t<div class=\"elementor-icon-box-content\">\n\n\t\t\t\t\t\t\t\t\t<h5 class=\"elementor-icon-box-title\">\n\t\t\t\t\t\t<a href=\"#\" >\n\t\t\t\t\t\t\t\u0421\u0431\u043e\u0440\u043a\u0430 \u0438 \u0443\u043f\u0430\u043a\u043e\u0432\u043a\u0430 \u043c\u0435\u0431\u0435\u043b\u0438\t\t\t\t\t\t<\/a>\n\t\t\t\t\t<\/h5>\n\t\t\t\t\n\t\t\t\t\t\t\t\t\t<p class=\"elementor-icon-box-description\">\n\t\t\t\t\t\t\u041f\u0440\u043e\u0444\u0435\u0441\u0441\u0438\u043e\u043d\u0430\u043b\u044c\u043d\u0430\u044f \u0440\u0430\u0437\u0431\u043e\u0440\u043a\u0430, \u0441\u0431\u043e\u0440\u043a\u0430 \u0438 \u043d\u0430\u0434\u0435\u0436\u043d\u0430\u044f \u0443\u043f\u0430\u043a\u043e\u0432\u043a\u0430 \u0432\u0430\u0448\u0435\u0439 \u043c\u0435\u0431\u0435\u043b\u0438 \u0434\u043b\u044f \u0431\u0435\u0441\u043f\u0440\u043e\u0431\u043b\u0435\u043c\u043d\u043e\u0433\u043e \u043f\u0435\u0440\u0435\u0435\u0437\u0434\u0430.\t\t\t\t\t<\/p>\n\t\t\t\t\n\t\t\t<\/div>\n\t\t\t\n\t\t<\/div>\n\t\t\t\t\t\t<\/div>\n\t\t\t\t<\/div>\n\t\t\t\t<div class=\"elementor-element elementor-element-a312346 elementor-widget-mobile__width-inherit elementor-widget__width-initial elementor-view-default elementor-position-block-start elementor-mobile-position-block-start elementor-invisible elementor-widget elementor-widget-icon-box\" data-id=\"a312346\" data-element_type=\"widget\" data-e-type=\"widget\" data-settings=\"{&quot;_animation&quot;:&quot;fadeInRight&quot;}\" data-widget_type=\"icon-box.default\">\n\t\t\t\t<div class=\"elementor-widget-container\">\n\t\t\t\t\t\t\t<div class=\"elementor-icon-box-wrapper\">\n\n\t\t\t\t\t\t<div class=\"elementor-icon-box-icon\">\n\t\t\t\t<a href=\"#\" class=\"elementor-icon elementor-animation-float\" tabindex=\"-1\" aria-label=\"\u0423\u0442\u0438\u043b\u0438\u0437\u0430\u0446\u0438\u044f \u0438 \u0443\u0431\u043e\u0440\u043a\u0430\">\n\t\t\t\t<i aria-hidden=\"true\" class=\"icon icon-truck1\"><\/i>\t\t\t\t<\/a>\n\t\t\t<\/div>\n\t\t\t\n\t\t\t\t\t\t<div class=\"elementor-icon-box-content\">\n\n\t\t\t\t\t\t\t\t\t<h5 class=\"elementor-icon-box-title\">\n\t\t\t\t\t\t<a href=\"#\" >\n\t\t\t\t\t\t\t\u0423\u0442\u0438\u043b\u0438\u0437\u0430\u0446\u0438\u044f \u0438 \u0443\u0431\u043e\u0440\u043a\u0430\t\t\t\t\t\t<\/a>\n\t\t\t\t\t<\/h5>\n\t\t\t\t\n\t\t\t\t\t\t\t\t\t<p class=\"elementor-icon-box-description\">\n\t\t\t\t\t\t\u041c\u0435\u0431\u0435\u043b\u044c, \u044d\u043b\u0435\u043a\u0442\u0440\u043e\u043f\u0440\u0438\u0431\u043e\u0440\u044b \u0438 \u043a\u0440\u0443\u043f\u043d\u043e\u0433\u0430\u0431\u0430\u0440\u0438\u0442\u043d\u044b\u0435 \u043e\u0442\u0445\u043e\u0434\u044b \u0443\u0442\u0438\u043b\u0438\u0437\u0438\u0440\u0443\u044e\u0442\u0441\u044f \u043f\u0440\u043e\u0444\u0435\u0441\u0441\u0438\u043e\u043d\u0430\u043b\u044c\u043d\u043e - \u043f\u043e \u0436\u0435\u043b\u0430\u043d\u0438\u044e \u043c\u044b \u043c\u043e\u0436\u0435\u043c \u043f\u043e\u0437\u0430\u0431\u043e\u0442\u0438\u0442\u044c\u0441\u044f \u043e\u0431\u043e \u0432\u0441\u0435\u043c \u0437\u0430 \u0432\u0430\u0441.\t\t\t\t\t<\/p>\n\t\t\t\t\n\t\t\t<\/div>\n\t\t\t\n\t\t<\/div>\n\t\t\t\t\t\t<\/div>\n\t\t\t\t<\/div>\n\t\t\t\t\t<\/div>\n\t\t<\/div>\n\t\t\t\t\t<\/div>\n\t\t<\/section>\n\t\t\t\t<section class=\"elementor-section elementor-top-section elementor-element elementor-element-59d7a9b elementor-section-boxed elementor-section-height-default elementor-section-height-default\" data-id=\"59d7a9b\" data-element_type=\"section\" data-e-type=\"section\" data-settings=\"{&quot;background_background&quot;:&quot;classic&quot;}\">\n\t\t\t\t\t\t<div class=\"elementor-container elementor-column-gap-default\">\n\t\t\t\t\t<div class=\"elementor-column elementor-col-50 elementor-top-column elementor-element elementor-element-7be7f520\" data-id=\"7be7f520\" data-element_type=\"column\" data-e-type=\"column\">\n\t\t\t<div class=\"elementor-widget-wrap elementor-element-populated\">\n\t\t\t\t\t\t<div class=\"elementor-element elementor-element-61d63d50 elementor-invisible elementor-widget elementor-widget-heading\" data-id=\"61d63d50\" data-element_type=\"widget\" data-e-type=\"widget\" data-settings=\"{&quot;_animation&quot;:&quot;fadeInLeft&quot;}\" data-widget_type=\"heading.default\">\n\t\t\t\t<div class=\"elementor-widget-container\">\n\t\t\t\t\t<h3 class=\"elementor-heading-title elementor-size-default\">\u0417\u0430\u043f\u0440\u043e\u0441\u0438\u0442\u0435 \u0431\u0435\u0441\u043f\u043b\u0430\u0442\u043d\u043e\u0435 \u043f\u0440\u0435\u0434\u043b\u043e\u0436\u0435\u043d\u0438\u0435 \u0443\u0436\u0435 \u0441\u0435\u0433\u043e\u0434\u043d\u044f!<\/h3>\t\t\t\t<\/div>\n\t\t\t\t<\/div>\n\t\t\t\t\t<\/div>\n\t\t<\/div>\n\t\t\t\t<div class=\"elementor-column elementor-col-50 elementor-top-column elementor-element elementor-element-301f8f4e\" data-id=\"301f8f4e\" data-element_type=\"column\" data-e-type=\"column\">\n\t\t\t<div class=\"elementor-widget-wrap elementor-element-populated\">\n\t\t\t\t\t\t<div class=\"elementor-element elementor-element-766d57e0 elementor-align-right elementor-mobile-align-center elementor-invisible elementor-widget elementor-widget-button\" data-id=\"766d57e0\" data-element_type=\"widget\" data-e-type=\"widget\" data-settings=\"{&quot;_animation&quot;:&quot;fadeInRight&quot;}\" data-widget_type=\"button.default\">\n\t\t\t\t<div class=\"elementor-widget-container\">\n\t\t\t\t\t\t\t\t\t<div class=\"elementor-button-wrapper\">\n\t\t\t\t\t<a class=\"elementor-button elementor-button-link elementor-size-sm\" href=\"https:\/\/s-umzug.com\/ru\/kontakt\/\">\n\t\t\t\t\t\t<span class=\"elementor-button-content-wrapper\">\n\t\t\t\t\t\t\t\t\t<span class=\"elementor-button-text\">\u0421\u0432\u044f\u0436\u0438\u0442\u0435\u0441\u044c \u0441 \u043d\u0430\u043c\u0438<\/span>\n\t\t\t\t\t<\/span>\n\t\t\t\t\t<\/a>\n\t\t\t\t<\/div>\n\t\t\t\t\t\t\t\t<\/div>\n\t\t\t\t<\/div>\n\t\t\t\t\t<\/div>\n\t\t<\/div>\n\t\t\t\t\t<\/div>\n\t\t<\/section>\n\t\t\t\t<\/div>","protected":false},"excerpt":{"rendered":"<p>Umzugsservice &amp; Leistungen Professionelle Umz\u00fcge mit Rundum-Service: Transport, Montage, Verpackung und Planung aus einer Hand. Umzugsservice Berlin \u00b7 Deutschland \u00b7 Europa Unser Umzugsservice und unsere Dienstleistungen im \u00dcberblick W\u00e4hlen Sie den passenden Umzugsservice f\u00fcr Ihren Bedarf:Ob Umzug innerhalb Berlins, deutschlandweit oder europaweit \u2013 unser Team plant jeden Transport zuverl\u00e4ssig, termingerecht und zum fairen Preis. Fordern [&hellip;]<\/p>\n","protected":false},"author":1,"featured_media":0,"parent":0,"menu_order":0,"comment_status":"closed","ping_status":"closed","template":"elementor_header_footer","meta":{"footnotes":""},"class_list":["post-458","page","type-page","status-publish","hentry"],"_links":{"self":[{"href":"https:\/\/s-umzug.com\/ru\/wp-json\/wp\/v2\/pages\/458","targetHints":{"allow":["GET"]}}],"collection":[{"href":"https:\/\/s-umzug.com\/ru\/wp-json\/wp\/v2\/pages"}],"about":[{"href":"https:\/\/s-umzug.com\/ru\/wp-json\/wp\/v2\/types\/page"}],"author":[{"embeddable":true,"href":"https:\/\/s-umzug.com\/ru\/wp-json\/wp\/v2\/users\/1"}],"replies":[{"embeddable":true,"href":"https:\/\/s-umzug.com\/ru\/wp-json\/wp\/v2\/comments?post=458"}],"version-history":[{"count":611,"href":"https:\/\/s-umzug.com\/ru\/wp-json\/wp\/v2\/pages\/458\/revisions"}],"predecessor-version":[{"id":2517,"href":"https:\/\/s-umzug.com\/ru\/wp-json\/wp\/v2\/pages\/458\/revisions\/2517"}],"wp:attachment":[{"href":"https:\/\/s-umzug.com\/ru\/wp-json\/wp\/v2\/media?parent=458"}],"curies":[{"name":"wp","href":"https:\/\/api.w.org\/{rel}","templated":true}]}}